{"id":20269,"date":"2024-04-27T13:33:42","date_gmt":"2024-04-27T13:33:42","guid":{"rendered":"https:\/\/gloriajeanscoffee.ir\/tr\/?page_id=20269"},"modified":"2024-04-27T14:00:49","modified_gmt":"2024-04-27T14:00:49","slug":"hakkimizda","status":"publish","type":"page","link":"https:\/\/gloriajeanscoffee.ir\/tr\/hakkimizda\/","title":{"rendered":"Hakk\u0131m\u0131zda"},"content":{"rendered":"\t\t<div data-elementor-type=\"wp-page\" data-elementor-id=\"20269\" class=\"elementor elementor-20269\" data-elementor-post-type=\"page\">\n\t\t\t\t\t\t<section class=\"wd-negative-gap elementor-section elementor-top-section elementor-element elementor-element-eb2353e elementor-section-boxed elementor-section-height-default elementor-section-height-default\" data-id=\"eb2353e\" data-element_type=\"section\">\n\t\t\t\t\t\t<div class=\"elementor-container elementor-column-gap-default\">\n\t\t\t\t\t<div class=\"elementor-column elementor-col-50 elementor-top-column elementor-element elementor-element-725494d\" data-id=\"725494d\" data-element_type=\"column\">\n\t\t\t<div class=\"elementor-widget-wrap elementor-element-populated\">\n\t\t\t\t\t\t<div class=\"elementor-element elementor-element-eca59e9 elementor-widget elementor-widget-wd_text_block\" data-id=\"eca59e9\" data-element_type=\"widget\" data-widget_type=\"wd_text_block.default\">\n\t\t\t\t<div class=\"elementor-widget-container\">\n\t\t\t\t\t\t<link rel=\"stylesheet\" id=\"wd-text-block-css\" href=\"https:\/\/gloriajeanscoffee.ir\/tr\/wp-content\/themes\/woodmart\/css\/parts\/el-text-block.min.css?ver=7.4.3\" type=\"text\/css\" media=\"all\" \/> \t\t\t\t\t<div class=\"wd-text-block reset-last-child text-left\">\n\t\t\t\n\t\t\t<p>Gloria Jean'in kahvelerine olan tutkumuz 1979'dan bu yana harika bir kahveydi. \u0130lk ma\u011fazam\u0131z Gloria Jean Han\u0131m taraf\u0131ndan a\u00e7\u0131ld\u0131 ve o tarihten bu yana 40 \u00fclkede 600'den fazla ma\u011faza faaliyet g\u00f6steriyor, bu nedenle bu ba\u011fl\u0131l\u0131\u011f\u0131m\u0131z\u0131 s\u00fcrd\u00fcrd\u00fck.<\/p>\n\t\t\t\t\t<\/div>\n\t\t\t\t<\/div>\n\t\t\t\t<\/div>\n\t\t\t\t<div class=\"elementor-element elementor-element-a7cf2a3 elementor-widget elementor-widget-wd_text_block\" data-id=\"a7cf2a3\" data-element_type=\"widget\" data-widget_type=\"wd_text_block.default\">\n\t\t\t\t<div class=\"elementor-widget-container\">\n\t\t\t\t\t<div class=\"wd-text-block reset-last-child text-left\">\n\t\t\t\n\t\t\t<p>Gloria Jean's, kahveyi tasarlay\u0131p \u00fcreterek, e\u015fsiz ve \u00fcnl\u00fc lezzetlerinin kalitesini bunca y\u0131ld\u0131r korudu ve s\u00fcrekli geli\u015ftiriyor.<\/p>\n\t\t\t\t\t<\/div>\n\t\t\t\t<\/div>\n\t\t\t\t<\/div>\n\t\t\t\t<div class=\"elementor-element elementor-element-374f3d9 elementor-widget elementor-widget-wd_text_block\" data-id=\"374f3d9\" data-element_type=\"widget\" data-widget_type=\"wd_text_block.default\">\n\t\t\t\t<div class=\"elementor-widget-container\">\n\t\t\t\t\t<div class=\"wd-text-block reset-last-child text-left\">\n\t\t\t\n\t\t\t<p>Gloria Jean's olarak, ister kafelerimizde g\u00fcnl\u00fck hayat\u0131n ko\u015fu\u015fturmacas\u0131ndan ka\u00e7\u0131yor olun ister evinizde i\u00e7eceklerimizden birinin tad\u0131n\u0131 \u00e7\u0131kar\u0131yor olun, size d\u00fcnya standartlar\u0131nda bir fincan kahve sunmaya kendimizi adad\u0131k.<\/p>\n\t\t\t\t\t<\/div>\n\t\t\t\t<\/div>\n\t\t\t\t<\/div>\n\t\t\t\t<div class=\"elementor-element elementor-element-cb8fa18 elementor-widget elementor-widget-wd_text_block\" data-id=\"cb8fa18\" data-element_type=\"widget\" data-widget_type=\"wd_text_block.default\">\n\t\t\t\t<div class=\"elementor-widget-container\">\n\t\t\t\t\t<div class=\"wd-text-block reset-last-child text-left\">\n\t\t\t\n\t\t\t<p>Gloria Jean's, geli\u015fim s\u00fcrecinde ba\u015fka bir \u00fclkede de hizmet vermeye devam edebilmek i\u00e7in \u015fu anda ilk ma\u011fazas\u0131n\u0131 \u0130ran'da a\u00e7t\u0131. Ayn\u0131 kalitede ve ayn\u0131 d\u00fcnya standartlar\u0131nda.<\/p>\n\t\t\t\t\t<\/div>\n\t\t\t\t<\/div>\n\t\t\t\t<\/div>\n\t\t\t\t<div class=\"elementor-element elementor-element-0b37e34 elementor-widget elementor-widget-wd_text_block\" data-id=\"0b37e34\" data-element_type=\"widget\" data-widget_type=\"wd_text_block.default\">\n\t\t\t\t<div class=\"elementor-widget-container\">\n\t\t\t\t\t<div class=\"wd-text-block reset-last-child text-left\">\n\t\t\t\n\t\t\t<p><strong>Gloria Jean\u2019s kahvelerini tercih etti\u011finiz i\u00e7in te\u015fekk\u00fcr ederiz.<\/strong><\/p>\n\t\t\t\t\t<\/div>\n\t\t\t\t<\/div>\n\t\t\t\t<\/div>\n\t\t\t\t\t<\/div>\n\t\t<\/div>\n\t\t\t\t<div class=\"elementor-column elementor-col-50 elementor-top-column elementor-element elementor-element-49a3fc1\" data-id=\"49a3fc1\" data-element_type=\"column\">\n\t\t\t<div class=\"elementor-widget-wrap elementor-element-populated\">\n\t\t\t\t\t\t<div class=\"elementor-element elementor-element-1238398 elementor-widget elementor-widget-wd_image_or_svg\" data-id=\"1238398\" data-element_type=\"widget\" data-widget_type=\"wd_image_or_svg.default\">\n\t\t\t\t<div class=\"elementor-widget-container\">\n\t\t\t\n\t\t<div class=\"wd-image text-left\">\n\t\t\t\t\t\t\t\t<img fetchpriority=\"high\" decoding=\"async\" width=\"960\" height=\"710\" src=\"https:\/\/gloriajeanscoffee.ir\/tr\/wp-content\/uploads\/2024\/04\/gloria.jpg\" class=\"attachment-full size-full\" alt=\"gloria\" srcset=\"https:\/\/gloriajeanscoffee.ir\/tr\/wp-content\/uploads\/2024\/04\/gloria.jpg 960w, https:\/\/gloriajeanscoffee.ir\/tr\/wp-content\/uploads\/2024\/04\/gloria-400x296.jpg 400w, https:\/\/gloriajeanscoffee.ir\/tr\/wp-content\/uploads\/2024\/04\/gloria-768x568.jpg 768w\" sizes=\"(max-width: 960px) 100vw, 960px\" \/>\t\t\t\t\t<\/div>\n\n\t\t\t\t<\/div>\n\t\t\t\t<\/div>\n\t\t\t\t\t<\/div>\n\t\t<\/div>\n\t\t\t\t\t<\/div>\n\t\t<\/section>\n\t\t\t\t<\/div>\n\t\t","protected":false},"excerpt":{"rendered":"<p>Gloria Jean&#8217;in kahvelerine olan tutkumuz 1979&#8217;dan bu yana harika bir kahveydi. \u0130lk ma\u011fazam\u0131z Gloria Jean Han\u0131m taraf\u0131ndan a\u00e7\u0131ld\u0131 ve o<\/p>\n","protected":false},"author":1,"featured_media":0,"parent":0,"menu_order":0,"comment_status":"closed","ping_status":"closed","template":"","meta":{"inline_featured_image":false,"footnotes":""},"class_list":["post-20269","page","type-page","status-publish","hentry"],"_links":{"self":[{"href":"https:\/\/gloriajeanscoffee.ir\/tr\/wp-json\/wp\/v2\/pages\/20269","targetHints":{"allow":["GET"]}}],"collection":[{"href":"https:\/\/gloriajeanscoffee.ir\/tr\/wp-json\/wp\/v2\/pages"}],"about":[{"href":"https:\/\/gloriajeanscoffee.ir\/tr\/wp-json\/wp\/v2\/types\/page"}],"author":[{"embeddable":true,"href":"https:\/\/gloriajeanscoffee.ir\/tr\/wp-json\/wp\/v2\/users\/1"}],"replies":[{"embeddable":true,"href":"https:\/\/gloriajeanscoffee.ir\/tr\/wp-json\/wp\/v2\/comments?post=20269"}],"version-history":[{"count":10,"href":"https:\/\/gloriajeanscoffee.ir\/tr\/wp-json\/wp\/v2\/pages\/20269\/revisions"}],"predecessor-version":[{"id":20281,"href":"https:\/\/gloriajeanscoffee.ir\/tr\/wp-json\/wp\/v2\/pages\/20269\/revisions\/20281"}],"wp:attachment":[{"href":"https:\/\/gloriajeanscoffee.ir\/tr\/wp-json\/wp\/v2\/media?parent=20269"}],"curies":[{"name":"wp","href":"https:\/\/api.w.org\/{rel}","templated":true}]}}